{"id":9,"date":"2021-03-05T20:10:28","date_gmt":"2021-03-05T20:10:28","guid":{"rendered":"https:\/\/hblegal.me\/about-us\/"},"modified":"2024-01-21T13:33:25","modified_gmt":"2024-01-21T13:33:25","slug":"about-us","status":"publish","type":"page","link":"https:\/\/hblegal.me\/en\/about-us\/","title":{"rendered":"About Us"},"content":{"rendered":"\t\t<div data-elementor-type=\"wp-page\" data-elementor-id=\"9\" class=\"elementor elementor-9\">\n\t\t\t\t\t\t<section class=\"elementor-section elementor-top-section elementor-element elementor-element-6952cf8 elementor-section-height-min-height elementor-section-boxed elementor-section-height-default elementor-section-items-middle\" data-id=\"6952cf8\" data-element_type=\"section\" data-e-type=\"section\" data-settings=\"{&quot;background_background&quot;:&quot;classic&quot;}\">\n\t\t\t\t\t\t\t<div class=\"elementor-background-overlay\"><\/div>\n\t\t\t\t\t\t\t<div class=\"elementor-container elementor-column-gap-no\">\n\t\t\t\t\t<div class=\"elementor-column elementor-col-100 elementor-top-column elementor-element elementor-element-4c6db26\" data-id=\"4c6db26\" data-element_type=\"column\" data-e-type=\"column\">\n\t\t\t<div class=\"elementor-widget-wrap elementor-element-populated\">\n\t\t\t\t\t\t<div class=\"elementor-element elementor-element-628c3d6 elementor-widget-divider--view-line elementor-widget elementor-widget-divider\" data-id=\"628c3d6\" data-element_type=\"widget\" data-e-type=\"widget\" data-widget_type=\"divider.default\">\n\t\t\t\t<div class=\"elementor-widget-container\">\n\t\t\t\t\t\t\t<div class=\"elementor-divider\">\n\t\t\t<span class=\"elementor-divider-separator\">\n\t\t\t\t\t\t<\/span>\n\t\t<\/div>\n\t\t\t\t\t\t<\/div>\n\t\t\t\t<\/div>\n\t\t\t\t<div class=\"elementor-element elementor-element-558ce53 elementor-widget__width-initial elementor-widget elementor-widget-heading\" data-id=\"558ce53\" data-element_type=\"widget\" data-e-type=\"widget\" data-widget_type=\"heading.default\">\n\t\t\t\t<div class=\"elementor-widget-container\">\n\t\t\t\t\t<h1 class=\"elementor-heading-title elementor-size-default\">Know more about our law firm<\/h1>\t\t\t\t<\/div>\n\t\t\t\t<\/div>\n\t\t\t\t<div class=\"elementor-element elementor-element-b6c2875 elementor-widget elementor-widget-text-editor\" data-id=\"b6c2875\" data-element_type=\"widget\" data-e-type=\"widget\" data-widget_type=\"text-editor.default\">\n\t\t\t\t<div class=\"elementor-widget-container\">\n\t\t\t\t\t\t\t\t\t<p>You can trust us to deliver effective solutions and advocate your rights.<\/p>\t\t\t\t\t\t\t\t<\/div>\n\t\t\t\t<\/div>\n\t\t\t\t\t<\/div>\n\t\t<\/div>\n\t\t\t\t\t<\/div>\n\t\t<\/section>\n\t\t\t\t<section class=\"elementor-section elementor-top-section elementor-element elementor-element-c79a29d elementor-section-content-middle elementor-section-boxed elementor-section-height-default elementor-section-height-default\" data-id=\"c79a29d\" data-element_type=\"section\" data-e-type=\"section\">\n\t\t\t\t\t\t<div class=\"elementor-container elementor-column-gap-no\">\n\t\t\t\t\t<div class=\"elementor-column elementor-col-50 elementor-top-column elementor-element elementor-element-ec4deda\" data-id=\"ec4deda\" data-element_type=\"column\" data-e-type=\"column\">\n\t\t\t<div class=\"elementor-widget-wrap elementor-element-populated\">\n\t\t\t\t\t\t<div class=\"elementor-element elementor-element-0dfbf84 elementor-widget-divider--view-line elementor-widget elementor-widget-divider\" data-id=\"0dfbf84\" data-element_type=\"widget\" data-e-type=\"widget\" data-widget_type=\"divider.default\">\n\t\t\t\t<div class=\"elementor-widget-container\">\n\t\t\t\t\t\t\t<div class=\"elementor-divider\">\n\t\t\t<span class=\"elementor-divider-separator\">\n\t\t\t\t\t\t<\/span>\n\t\t<\/div>\n\t\t\t\t\t\t<\/div>\n\t\t\t\t<\/div>\n\t\t\t\t<div class=\"elementor-element elementor-element-f1f4c22 elementor-widget elementor-widget-heading\" data-id=\"f1f4c22\" data-element_type=\"widget\" data-e-type=\"widget\" data-widget_type=\"heading.default\">\n\t\t\t\t<div class=\"elementor-widget-container\">\n\t\t\t\t\t<h2 class=\"elementor-heading-title elementor-size-default\">About us<\/h2>\t\t\t\t<\/div>\n\t\t\t\t<\/div>\n\t\t\t\t<div class=\"elementor-element elementor-element-cd5bbaa elementor-widget elementor-widget-text-editor\" data-id=\"cd5bbaa\" data-element_type=\"widget\" data-e-type=\"widget\" data-widget_type=\"text-editor.default\">\n\t\t\t\t<div class=\"elementor-widget-container\">\n\t\t\t\t\t\t\t\t\t<p>HB Legal<span style=\"font-style: inherit; font-weight: inherit; background-color: var(--ast-global-color-4); color: var(--ast-global-color-3);\">&nbsp;focuses on professionalism, integrity, and client satisfaction, and accordingly, we offer consultations and representation in various legal areas.<\/span><\/p>\t\t\t\t\t\t\t\t<\/div>\n\t\t\t\t<\/div>\n\t\t\t\t\t<\/div>\n\t\t<\/div>\n\t\t\t\t<div class=\"elementor-column elementor-col-50 elementor-top-column elementor-element elementor-element-c59473d\" data-id=\"c59473d\" data-element_type=\"column\" data-e-type=\"column\">\n\t\t\t<div class=\"elementor-widget-wrap elementor-element-populated\">\n\t\t\t\t\t\t<div class=\"elementor-element elementor-element-8467e36 elementor-widget elementor-widget-image\" data-id=\"8467e36\" data-element_type=\"widget\" data-e-type=\"widget\" data-widget_type=\"image.default\">\n\t\t\t\t<div class=\"elementor-widget-container\">\n\t\t\t\t\t\t\t\t\t\t\t\t\t\t\t<img fetchpriority=\"high\" decoding=\"async\" width=\"2560\" height=\"1308\" src=\"https:\/\/hblegal.me\/wp-content\/uploads\/2023\/05\/shutterstock-377884705-scaled.jpg\" class=\"attachment-full size-full wp-image-1373\" alt=\"\" srcset=\"https:\/\/hblegal.me\/wp-content\/uploads\/2023\/05\/shutterstock-377884705-scaled.jpg 2560w, https:\/\/hblegal.me\/wp-content\/uploads\/2023\/05\/shutterstock-377884705-300x153.jpg 300w, https:\/\/hblegal.me\/wp-content\/uploads\/2023\/05\/shutterstock-377884705-1024x523.jpg 1024w, https:\/\/hblegal.me\/wp-content\/uploads\/2023\/05\/shutterstock-377884705-768x392.jpg 768w, https:\/\/hblegal.me\/wp-content\/uploads\/2023\/05\/shutterstock-377884705-1536x785.jpg 1536w, https:\/\/hblegal.me\/wp-content\/uploads\/2023\/05\/shutterstock-377884705-2048x1046.jpg 2048w\" sizes=\"(max-width: 2560px) 100vw, 2560px\" \/>\t\t\t\t\t\t\t\t\t\t\t\t\t\t\t<\/div>\n\t\t\t\t<\/div>\n\t\t\t\t\t<\/div>\n\t\t<\/div>\n\t\t\t\t\t<\/div>\n\t\t<\/section>\n\t\t\t\t<section class=\"elementor-section elementor-top-section elementor-element elementor-element-ede88e0 elementor-section-height-min-height elementor-section-boxed elementor-section-height-default elementor-section-items-middle\" data-id=\"ede88e0\" data-element_type=\"section\" data-e-type=\"section\">\n\t\t\t\t\t\t<div class=\"elementor-container elementor-column-gap-no\">\n\t\t\t\t\t<div class=\"elementor-column elementor-col-100 elementor-top-column elementor-element elementor-element-7a8ea40\" data-id=\"7a8ea40\" data-element_type=\"column\" data-e-type=\"column\">\n\t\t\t<div class=\"elementor-widget-wrap elementor-element-populated\">\n\t\t\t\t\t\t<div class=\"elementor-element elementor-element-fbd20ed elementor-widget-divider--view-line elementor-widget elementor-widget-divider\" data-id=\"fbd20ed\" data-element_type=\"widget\" data-e-type=\"widget\" data-widget_type=\"divider.default\">\n\t\t\t\t<div class=\"elementor-widget-container\">\n\t\t\t\t\t\t\t<div class=\"elementor-divider\">\n\t\t\t<span class=\"elementor-divider-separator\">\n\t\t\t\t\t\t<\/span>\n\t\t<\/div>\n\t\t\t\t\t\t<\/div>\n\t\t\t\t<\/div>\n\t\t\t\t<div class=\"elementor-element elementor-element-642ec5c elementor-widget elementor-widget-heading\" data-id=\"642ec5c\" data-element_type=\"widget\" data-e-type=\"widget\" data-widget_type=\"heading.default\">\n\t\t\t\t<div class=\"elementor-widget-container\">\n\t\t\t\t\t<h2 class=\"elementor-heading-title elementor-size-default\">Our team<\/h2>\t\t\t\t<\/div>\n\t\t\t\t<\/div>\n\t\t\t\t<section class=\"elementor-section elementor-inner-section elementor-element elementor-element-e77bfdb elementor-section-boxed elementor-section-height-default elementor-section-height-default\" data-id=\"e77bfdb\" data-element_type=\"section\" data-e-type=\"section\">\n\t\t\t\t\t\t<div class=\"elementor-container elementor-column-gap-no\">\n\t\t\t\t\t<div class=\"elementor-column elementor-col-100 elementor-inner-column elementor-element elementor-element-51db0fc\" data-id=\"51db0fc\" data-element_type=\"column\" data-e-type=\"column\" data-settings=\"{&quot;background_background&quot;:&quot;classic&quot;}\">\n\t\t\t<div class=\"elementor-widget-wrap elementor-element-populated\">\n\t\t\t\t\t\t<div class=\"elementor-element elementor-element-6150297 elementor-widget elementor-widget-image\" data-id=\"6150297\" data-element_type=\"widget\" data-e-type=\"widget\" data-widget_type=\"image.default\">\n\t\t\t\t<div class=\"elementor-widget-container\">\n\t\t\t\t\t\t\t\t\t\t\t\t\t\t\t<img decoding=\"async\" width=\"640\" height=\"427\" src=\"https:\/\/hblegal.me\/wp-content\/uploads\/2023\/04\/XTE44114-RAF-768x512.jpg\" class=\"attachment-medium_large size-medium_large wp-image-1164\" alt=\"\" srcset=\"https:\/\/hblegal.me\/wp-content\/uploads\/2023\/04\/XTE44114-RAF-768x512.jpg 768w, https:\/\/hblegal.me\/wp-content\/uploads\/2023\/04\/XTE44114-RAF-300x200.jpg 300w, https:\/\/hblegal.me\/wp-content\/uploads\/2023\/04\/XTE44114-RAF-1024x683.jpg 1024w, https:\/\/hblegal.me\/wp-content\/uploads\/2023\/04\/XTE44114-RAF-1536x1024.jpg 1536w, https:\/\/hblegal.me\/wp-content\/uploads\/2023\/04\/XTE44114-RAF-2048x1365.jpg 2048w\" sizes=\"(max-width: 640px) 100vw, 640px\" \/>\t\t\t\t\t\t\t\t\t\t\t\t\t\t\t<\/div>\n\t\t\t\t<\/div>\n\t\t\t\t<div class=\"elementor-element elementor-element-29dedd5 elementor-widget elementor-widget-heading\" data-id=\"29dedd5\" data-element_type=\"widget\" data-e-type=\"widget\" data-widget_type=\"heading.default\">\n\t\t\t\t<div class=\"elementor-widget-container\">\n\t\t\t\t\t<h5 class=\"elementor-heading-title elementor-size-default\"><span style=\"font-size: 1.2rem;text-align: center;background-color: var( --e-global-color-astglobalcolor4 )\">Att. Boris Ad\u017ei\u0107<\/span><\/h5>\t\t\t\t<\/div>\n\t\t\t\t<\/div>\n\t\t\t\t<div class=\"elementor-element elementor-element-ef44131 elementor-widget elementor-widget-text-editor\" data-id=\"ef44131\" data-element_type=\"widget\" data-e-type=\"widget\" data-widget_type=\"text-editor.default\">\n\t\t\t\t<div class=\"elementor-widget-container\">\n\t\t\t\t\t\t\t\t\t<p>Boris has considerable experience in advising clients on concluding contracts, conducting litigation, representing in administrative proceedings and administrative disputes.<\/p>\n<p>During his six-year career in the prestigious law firm &#8220;Jovovi\u0107, Mugo\u0161a &amp; Vukovi\u0107&#8221;, Boris specialized in the field of real estate, property matters and urban planning, and also gained experience in concluding and interpreting contracts according to &#8220;FIDIC&#8221; rules.&nbsp;<span style=\"font-style: inherit; font-weight: inherit; background-color: var( --e-global-color-astglobalcolor4 ); color: var(--ast-global-color-3);\">In addition, he also works on commercial law and intellectual property, where he represented the interests of clients before the court and in proceedings for the protection of rights before the competent administrative authorities.<\/span><\/p>\n<p>His previous work experience in the media industry makes him able to appreciate the needs of clients in this area, primarily in the case of violation of the rights of individuals and legal entities through means of public information.&nbsp;<span style=\"font-style: inherit; font-weight: inherit; background-color: var( --e-global-color-astglobalcolor4 ); color: var(--ast-global-color-3);\">Boris also has experience in representation in arbitration proceedings.&nbsp;<\/span><span style=\"font-style: inherit; font-weight: inherit; background-color: var( --e-global-color-astglobalcolor4 ); color: var(--ast-global-color-3);\">He also defended clients in several well-known criminal proceedings<\/span><\/p>\t\t\t\t\t\t\t\t<\/div>\n\t\t\t\t<\/div>\n\t\t\t\t\t<\/div>\n\t\t<\/div>\n\t\t\t\t\t<\/div>\n\t\t<\/section>\n\t\t\t\t\t<\/div>\n\t\t<\/div>\n\t\t\t\t\t<\/div>\n\t\t<\/section>\n\t\t\t\t<\/div>\n\t\t","protected":false},"excerpt":{"rendered":"<p>Know more about our law firm You can trust us to deliver effective solutions and advocate your rights. About us HB Legal&nbsp;focuses on professionalism, integrity, and client satisfaction, and accordingly, we offer consultations and representation in various legal areas. Our team Att. Boris Ad\u017ei\u0107 Boris has considerable experience in advising clients on concluding contracts, conducting [&hellip;]<\/p>\n","protected":false},"author":2,"featured_media":0,"parent":0,"menu_order":0,"comment_status":"closed","ping_status":"closed","template":"","meta":{"footnotes":""},"class_list":["post-9","page","type-page","status-publish","hentry"],"yoast_head":"<!-- This site is optimized with the Yoast SEO plugin v27.4 - https:\/\/yoast.com\/product\/yoast-seo-wordpress\/ -->\n<title>About Us - HB LEGAL<\/title>\n<meta name=\"robots\" content=\"index, follow, max-snippet:-1, max-image-preview:large, max-video-preview:-1\" \/>\n<link rel=\"canonical\" href=\"https:\/\/hblegal.me\/en\/about-us\/\" \/>\n<meta property=\"og:locale\" content=\"en_US\" \/>\n<meta property=\"og:type\" content=\"article\" \/>\n<meta property=\"og:title\" content=\"About Us - HB LEGAL\" \/>\n<meta property=\"og:description\" content=\"Know more about our law firm You can trust us to deliver effective solutions and advocate your rights. About us HB Legal&nbsp;focuses on professionalism, integrity, and client satisfaction, and accordingly, we offer consultations and representation in various legal areas. Our team Att. Boris Ad\u017ei\u0107 Boris has considerable experience in advising clients on concluding contracts, conducting [&hellip;]\" \/>\n<meta property=\"og:url\" content=\"https:\/\/hblegal.me\/en\/about-us\/\" \/>\n<meta property=\"og:site_name\" content=\"HB LEGAL\" \/>\n<meta property=\"article:modified_time\" content=\"2024-01-21T13:33:25+00:00\" \/>\n<meta property=\"og:image\" content=\"https:\/\/hblegal.me\/wp-content\/uploads\/2023\/05\/shutterstock-377884705-scaled.jpg\" \/>\n<meta name=\"twitter:card\" content=\"summary_large_image\" \/>\n<meta name=\"twitter:label1\" content=\"Est. reading time\" \/>\n\t<meta name=\"twitter:data1\" content=\"2 minutes\" \/>\n<script type=\"application\/ld+json\" class=\"yoast-schema-graph\">{\"@context\":\"https:\\\/\\\/schema.org\",\"@graph\":[{\"@type\":\"WebPage\",\"@id\":\"https:\\\/\\\/hblegal.me\\\/en\\\/about-us\\\/\",\"url\":\"https:\\\/\\\/hblegal.me\\\/en\\\/about-us\\\/\",\"name\":\"About Us - HB LEGAL\",\"isPartOf\":{\"@id\":\"https:\\\/\\\/hblegal.me\\\/#website\"},\"primaryImageOfPage\":{\"@id\":\"https:\\\/\\\/hblegal.me\\\/en\\\/about-us\\\/#primaryimage\"},\"image\":{\"@id\":\"https:\\\/\\\/hblegal.me\\\/en\\\/about-us\\\/#primaryimage\"},\"thumbnailUrl\":\"https:\\\/\\\/hblegal.me\\\/wp-content\\\/uploads\\\/2023\\\/05\\\/shutterstock-377884705-scaled.jpg\",\"datePublished\":\"2021-03-05T20:10:28+00:00\",\"dateModified\":\"2024-01-21T13:33:25+00:00\",\"breadcrumb\":{\"@id\":\"https:\\\/\\\/hblegal.me\\\/en\\\/about-us\\\/#breadcrumb\"},\"inLanguage\":\"en-US\",\"potentialAction\":[{\"@type\":\"ReadAction\",\"target\":[\"https:\\\/\\\/hblegal.me\\\/en\\\/about-us\\\/\"]}]},{\"@type\":\"ImageObject\",\"inLanguage\":\"en-US\",\"@id\":\"https:\\\/\\\/hblegal.me\\\/en\\\/about-us\\\/#primaryimage\",\"url\":\"https:\\\/\\\/hblegal.me\\\/wp-content\\\/uploads\\\/2023\\\/05\\\/shutterstock-377884705-scaled.jpg\",\"contentUrl\":\"https:\\\/\\\/hblegal.me\\\/wp-content\\\/uploads\\\/2023\\\/05\\\/shutterstock-377884705-scaled.jpg\"},{\"@type\":\"BreadcrumbList\",\"@id\":\"https:\\\/\\\/hblegal.me\\\/en\\\/about-us\\\/#breadcrumb\",\"itemListElement\":[{\"@type\":\"ListItem\",\"position\":1,\"name\":\"Home\",\"item\":\"https:\\\/\\\/hblegal.me\\\/en\\\/\"},{\"@type\":\"ListItem\",\"position\":2,\"name\":\"About Us\"}]},{\"@type\":\"WebSite\",\"@id\":\"https:\\\/\\\/hblegal.me\\\/#website\",\"url\":\"https:\\\/\\\/hblegal.me\\\/\",\"name\":\"HB LEGAL\",\"description\":\"\",\"publisher\":{\"@id\":\"https:\\\/\\\/hblegal.me\\\/#organization\"},\"potentialAction\":[{\"@type\":\"SearchAction\",\"target\":{\"@type\":\"EntryPoint\",\"urlTemplate\":\"https:\\\/\\\/hblegal.me\\\/?s={search_term_string}\"},\"query-input\":{\"@type\":\"PropertyValueSpecification\",\"valueRequired\":true,\"valueName\":\"search_term_string\"}}],\"inLanguage\":\"en-US\"},{\"@type\":\"Organization\",\"@id\":\"https:\\\/\\\/hblegal.me\\\/#organization\",\"name\":\"HB LEGAL\",\"url\":\"https:\\\/\\\/hblegal.me\\\/\",\"logo\":{\"@type\":\"ImageObject\",\"inLanguage\":\"en-US\",\"@id\":\"https:\\\/\\\/hblegal.me\\\/#\\\/schema\\\/logo\\\/image\\\/\",\"url\":\"https:\\\/\\\/hblegal.me\\\/wp-content\\\/uploads\\\/2023\\\/03\\\/My-project.png\",\"contentUrl\":\"https:\\\/\\\/hblegal.me\\\/wp-content\\\/uploads\\\/2023\\\/03\\\/My-project.png\",\"width\":842,\"height\":595,\"caption\":\"HB LEGAL\"},\"image\":{\"@id\":\"https:\\\/\\\/hblegal.me\\\/#\\\/schema\\\/logo\\\/image\\\/\"},\"sameAs\":[\"https:\\\/\\\/www.linkedin.com\\\/company\\\/hb-legal\\\/\"]}]}<\/script>\n<!-- \/ Yoast SEO plugin. -->","yoast_head_json":{"title":"About Us - HB LEGAL","robots":{"index":"index","follow":"follow","max-snippet":"max-snippet:-1","max-image-preview":"max-image-preview:large","max-video-preview":"max-video-preview:-1"},"canonical":"https:\/\/hblegal.me\/en\/about-us\/","og_locale":"en_US","og_type":"article","og_title":"About Us - HB LEGAL","og_description":"Know more about our law firm You can trust us to deliver effective solutions and advocate your rights. About us HB Legal&nbsp;focuses on professionalism, integrity, and client satisfaction, and accordingly, we offer consultations and representation in various legal areas. Our team Att. Boris Ad\u017ei\u0107 Boris has considerable experience in advising clients on concluding contracts, conducting [&hellip;]","og_url":"https:\/\/hblegal.me\/en\/about-us\/","og_site_name":"HB LEGAL","article_modified_time":"2024-01-21T13:33:25+00:00","og_image":[{"url":"https:\/\/hblegal.me\/wp-content\/uploads\/2023\/05\/shutterstock-377884705-scaled.jpg","type":"","width":"","height":""}],"twitter_card":"summary_large_image","twitter_misc":{"Est. reading time":"2 minutes"},"schema":{"@context":"https:\/\/schema.org","@graph":[{"@type":"WebPage","@id":"https:\/\/hblegal.me\/en\/about-us\/","url":"https:\/\/hblegal.me\/en\/about-us\/","name":"About Us - HB LEGAL","isPartOf":{"@id":"https:\/\/hblegal.me\/#website"},"primaryImageOfPage":{"@id":"https:\/\/hblegal.me\/en\/about-us\/#primaryimage"},"image":{"@id":"https:\/\/hblegal.me\/en\/about-us\/#primaryimage"},"thumbnailUrl":"https:\/\/hblegal.me\/wp-content\/uploads\/2023\/05\/shutterstock-377884705-scaled.jpg","datePublished":"2021-03-05T20:10:28+00:00","dateModified":"2024-01-21T13:33:25+00:00","breadcrumb":{"@id":"https:\/\/hblegal.me\/en\/about-us\/#breadcrumb"},"inLanguage":"en-US","potentialAction":[{"@type":"ReadAction","target":["https:\/\/hblegal.me\/en\/about-us\/"]}]},{"@type":"ImageObject","inLanguage":"en-US","@id":"https:\/\/hblegal.me\/en\/about-us\/#primaryimage","url":"https:\/\/hblegal.me\/wp-content\/uploads\/2023\/05\/shutterstock-377884705-scaled.jpg","contentUrl":"https:\/\/hblegal.me\/wp-content\/uploads\/2023\/05\/shutterstock-377884705-scaled.jpg"},{"@type":"BreadcrumbList","@id":"https:\/\/hblegal.me\/en\/about-us\/#breadcrumb","itemListElement":[{"@type":"ListItem","position":1,"name":"Home","item":"https:\/\/hblegal.me\/en\/"},{"@type":"ListItem","position":2,"name":"About Us"}]},{"@type":"WebSite","@id":"https:\/\/hblegal.me\/#website","url":"https:\/\/hblegal.me\/","name":"HB LEGAL","description":"","publisher":{"@id":"https:\/\/hblegal.me\/#organization"},"potentialAction":[{"@type":"SearchAction","target":{"@type":"EntryPoint","urlTemplate":"https:\/\/hblegal.me\/?s={search_term_string}"},"query-input":{"@type":"PropertyValueSpecification","valueRequired":true,"valueName":"search_term_string"}}],"inLanguage":"en-US"},{"@type":"Organization","@id":"https:\/\/hblegal.me\/#organization","name":"HB LEGAL","url":"https:\/\/hblegal.me\/","logo":{"@type":"ImageObject","inLanguage":"en-US","@id":"https:\/\/hblegal.me\/#\/schema\/logo\/image\/","url":"https:\/\/hblegal.me\/wp-content\/uploads\/2023\/03\/My-project.png","contentUrl":"https:\/\/hblegal.me\/wp-content\/uploads\/2023\/03\/My-project.png","width":842,"height":595,"caption":"HB LEGAL"},"image":{"@id":"https:\/\/hblegal.me\/#\/schema\/logo\/image\/"},"sameAs":["https:\/\/www.linkedin.com\/company\/hb-legal\/"]}]}},"_links":{"self":[{"href":"https:\/\/hblegal.me\/en\/wp-json\/wp\/v2\/pages\/9","targetHints":{"allow":["GET"]}}],"collection":[{"href":"https:\/\/hblegal.me\/en\/wp-json\/wp\/v2\/pages"}],"about":[{"href":"https:\/\/hblegal.me\/en\/wp-json\/wp\/v2\/types\/page"}],"author":[{"embeddable":true,"href":"https:\/\/hblegal.me\/en\/wp-json\/wp\/v2\/users\/2"}],"replies":[{"embeddable":true,"href":"https:\/\/hblegal.me\/en\/wp-json\/wp\/v2\/comments?post=9"}],"version-history":[{"count":52,"href":"https:\/\/hblegal.me\/en\/wp-json\/wp\/v2\/pages\/9\/revisions"}],"predecessor-version":[{"id":1589,"href":"https:\/\/hblegal.me\/en\/wp-json\/wp\/v2\/pages\/9\/revisions\/1589"}],"wp:attachment":[{"href":"https:\/\/hblegal.me\/en\/wp-json\/wp\/v2\/media?parent=9"}],"curies":[{"name":"wp","href":"https:\/\/api.w.org\/{rel}","templated":true}]}}